{"id":924,"date":"2022-10-17T12:19:50","date_gmt":"2022-10-17T12:19:50","guid":{"rendered":"https:\/\/dev.sledat.si\/?page_id=924"},"modified":"2023-01-18T12:32:18","modified_gmt":"2023-01-18T12:32:18","slug":"o-podjetju","status":"publish","type":"page","link":"https:\/\/dev.sledat.si\/sr\/o-podjetju\/","title":{"rendered":"O nama"},"content":{"rendered":"<div data-elementor-type=\"wp-page\" data-elementor-id=\"924\" class=\"elementor elementor-924\">\n\t\t\t\t\t\t\t\t\t<section class=\"elementor-section elementor-top-section elementor-element elementor-element-08fcb91 elementor-hidden-mobile elementor-section-full_width aboutUsTopContainer elementor-section-height-default elementor-section-height-default\" data-id=\"08fcb91\" data-element_type=\"section\" data-settings=\"{&quot;background_background&quot;:&quot;classic&quot;}\">\n\t\t\t\t\t\t\t<div class=\"elementor-background-overlay\"><\/div>\n\t\t\t\t\t\t\t<div class=\"elementor-container elementor-column-gap-default\">\n\t\t\t\t\t<div class=\"elementor-column elementor-col-100 elementor-top-column elementor-element elementor-element-9faf4e6\" data-id=\"9faf4e6\" data-element_type=\"column\">\n\t\t\t<div class=\"elementor-widget-wrap elementor-element-populated\">\n\t\t\t\t\t\t\t\t<div class=\"elementor-element elementor-element-3b24fb9 elementor-widget elementor-widget-heading\" data-id=\"3b24fb9\" data-element_type=\"widget\" data-widget_type=\"heading.default\">\n\t\t\t\t<div class=\"elementor-widget-container\">\n\t\t\t<style>\/*! elementor - v3.8.0 - 30-10-2022 *\/\n.elementor-heading-title{padding:0;margin:0;line-height:1}.elementor-widget-heading .elementor-heading-title[class*=elementor-size-]>a{color:inherit;font-size:inherit;line-height:inherit}.elementor-widget-heading .elementor-heading-title.elementor-size-small{font-size:15px}.elementor-widget-heading .elementor-heading-title.elementor-size-medium{font-size:19px}.elementor-widget-heading .elementor-heading-title.elementor-size-large{font-size:29px}.elementor-widget-heading .elementor-heading-title.elementor-size-xl{font-size:39px}.elementor-widget-heading .elementor-heading-title.elementor-size-xxl{font-size:59px}<\/style><h1 class=\"elementor-heading-title elementor-size-xxl\">O nama<\/h1>\t\t<\/div>\n\t\t\t\t<\/div>\n\t\t\t\t<div class=\"elementor-element elementor-element-ea2d1ec elementor-widget elementor-widget-text-editor\" data-id=\"ea2d1ec\" data-element_type=\"widget\" data-widget_type=\"text-editor.default\">\n\t\t\t\t<div class=\"elementor-widget-container\">\n\t\t\t<style>\/*! elementor - v3.8.0 - 30-10-2022 *\/\n.elementor-widget-text-editor.elementor-drop-cap-view-stacked .elementor-drop-cap{background-color:#818a91;color:#fff}.elementor-widget-text-editor.elementor-drop-cap-view-framed .elementor-drop-cap{color:#818a91;border:3px solid;background-color:transparent}.elementor-widget-text-editor:not(.elementor-drop-cap-view-default) .elementor-drop-cap{margin-top:8px}.elementor-widget-text-editor:not(.elementor-drop-cap-view-default) .elementor-drop-cap-letter{width:1em;height:1em}.elementor-widget-text-editor .elementor-drop-cap{float:left;text-align:center;line-height:1;font-size:50px}.elementor-widget-text-editor .elementor-drop-cap-letter{display:inline-block}<\/style>\t\t\t\t<p>Misija produze\u0107a Aluxom d.o.o. je, da na\u0161im klientima iz raznih industrija, obezbedjujemo jednostavne, prilagodjene i napredne IT solucije. Sve je po\u010delo 2005 godine kada se je ustanovilo razvojno odelenje, koje je po\u010delo razvojem i proizvodnjom GPS uredjaja za pra\u0107enje te integrisanih komunikacionih solucija. To je bilo razdoblje, koje se je 2007 godine nadovezalo otvaranjem produze\u0107a Aluxom d.o.o. u Srbiji i razvojem Sledat aplikativnih softwerskih solucija, koja su plod vlastitog razvoja in kojima je osigurana odli\u010dna podr\u0161ka.<\/p><p>\u00a0<\/p><p>Podudaramo saradnju neposredno sa korisnicima iz poznativ i velikih produze\u0107a i organizacija. Poslovna tradicija u svim oblicima se nastavlja od 1996 godine, tako da smo danas prepoznatljivi regionalni ponudja\u0107 telekomunikacionih solucija, \u0161to posti\u017eemo ulaganjima u znanje i razvoj.<\/p>\t\t\t\t\t\t<\/div>\n\t\t\t\t<\/div>\n\t\t\t\t<div class=\"elementor-element elementor-element-80901fe elementor-widget elementor-widget-text-editor\" data-id=\"80901fe\" data-element_type=\"widget\" data-widget_type=\"text-editor.default\">\n\t\t\t\t<div class=\"elementor-widget-container\">\n\t\t\t\t\t\t\t<p>Na\u0161e poslovne odnose gradimo na temeljima visoke dodatne vrednosti i zadovoljstvu klienata. Svoju poslovnu izrast gradimo kreiraju\u0107i pouzdane i tro\u0161kovno efikasne solucije.<\/p>\t\t\t\t\t\t<\/div>\n\t\t\t\t<\/div>\n\t\t\t\t\t<\/div>\n\t\t<\/div>\n\t\t\t\t\t\t\t<\/div>\n\t\t<\/section>\n\t\t\t\t<section class=\"elementor-section elementor-top-section elementor-element elementor-element-26f904c elementor-section-full_width elementor-section-content-space-between elementor-hidden-desktop elementor-hidden-tablet elementor-section-height-default elementor-section-height-default\" data-id=\"26f904c\" data-element_type=\"section\" data-settings=\"{&quot;background_background&quot;:&quot;classic&quot;}\">\n\t\t\t\t\t\t\t<div class=\"elementor-background-overlay\"><\/div>\n\t\t\t\t\t\t\t<div class=\"elementor-container elementor-column-gap-default\">\n\t\t\t\t\t<div class=\"elementor-column elementor-col-100 elementor-top-column elementor-element elementor-element-693f399\" data-id=\"693f399\" data-element_type=\"column\">\n\t\t\t<div class=\"elementor-widget-wrap elementor-element-populated\">\n\t\t\t\t\t\t\t\t<section class=\"elementor-section elementor-inner-section elementor-element elementor-element-e89cc9d elementor-section-boxed elementor-section-height-default elementor-section-height-default\" data-id=\"e89cc9d\" data-element_type=\"section\">\n\t\t\t\t\t\t<div class=\"elementor-container elementor-column-gap-default\">\n\t\t\t\t\t<div class=\"elementor-column elementor-col-100 elementor-inner-column elementor-element elementor-element-fc392c5\" data-id=\"fc392c5\" data-element_type=\"column\">\n\t\t\t<div class=\"elementor-widget-wrap elementor-element-populated\">\n\t\t\t\t\t\t\t\t<div class=\"elementor-element elementor-element-069787a elementor-widget elementor-widget-heading\" data-id=\"069787a\" data-element_type=\"widget\" data-widget_type=\"heading.default\">\n\t\t\t\t<div class=\"elementor-widget-container\">\n\t\t\t<h2 class=\"elementor-heading-title elementor-size-default\">O nama<\/h2>\t\t<\/div>\n\t\t\t\t<\/div>\n\t\t\t\t<div class=\"elementor-element elementor-element-cc54dd5 elementor-widget elementor-widget-text-editor\" data-id=\"cc54dd5\" data-element_type=\"widget\" data-widget_type=\"text-editor.default\">\n\t\t\t\t<div class=\"elementor-widget-container\">\n\t\t\t\t\t\t\t<p>Misija produze\u0107a Aluxom d.o.o. je, da na\u0161im klientima iz raznih industrija, obezbedjujemo jednostavne, prilagodjene i napredne IT solucije. Sve je po\u010delo 2005 godine kada se je ustanovilo razvojno odelenje, koje je po\u010delo razvojem i proizvodnjom GPS uredjaja za pra\u0107enje te integrisanih komunikacionih solucija. To je bilo razdoblje, koje se je 2007 godine nadovezalo otvaranjem produze\u0107a Aluxom d.o.o. u Srbiji i razvojem Sledat aplikativnih softwerskih solucija, koja su plod vlastitog razvoja in kojima je osigurana odli\u010dna podr\u0161ka.<\/p><p>Podudaramo saradnju neposredno sa korisnicima iz poznativ i velikih produze\u0107a i organizacija. Poslovna tradicija u svim oblicima se nastavlja od 1996 godine, tako da smo danas prepoznatljivi regionalni ponudja\u0107 telekomunikacionih solucija, \u0161to posti\u017eemo ulaganjima u znanje i razvoj.<\/p><p>\u00a0<\/p><p>Na\u0161e poslovne odnose gradimo na temeljima visoke dodatne vrednosti i zadovoljstvu klienata. Svoju poslovnu izrast gradimo kreiraju\u0107i pouzdane i tro\u0161kovno efikasne solucije.<\/p>\t\t\t\t\t\t<\/div>\n\t\t\t\t<\/div>\n\t\t\t\t\t<\/div>\n\t\t<\/div>\n\t\t\t\t\t\t\t<\/div>\n\t\t<\/section>\n\t\t\t\t\t<\/div>\n\t\t<\/div>\n\t\t\t\t\t\t\t<\/div>\n\t\t<\/section>\n\t\t\t\t<section class=\"elementor-section elementor-top-section elementor-element elementor-element-18feaa0 elementor-section-full_width elementor-section-height-default elementor-section-height-default\" data-id=\"18feaa0\" data-element_type=\"section\">\n\t\t\t\t\t\t<div class=\"elementor-container elementor-column-gap-default\">\n\t\t\t\t\t<div class=\"elementor-column elementor-col-50 elementor-top-column elementor-element elementor-element-ea5deac aboutUsJernej\" data-id=\"ea5deac\" data-element_type=\"column\">\n\t\t\t<div class=\"elementor-widget-wrap elementor-element-populated\">\n\t\t\t\t\t\t\t\t<div class=\"elementor-element elementor-element-6fd5f1b elementor-widget elementor-widget-heading\" data-id=\"6fd5f1b\" data-element_type=\"widget\" data-widget_type=\"heading.default\">\n\t\t\t\t<div class=\"elementor-widget-container\">\n\t\t\t<h3 class=\"elementor-heading-title elementor-size-default\"><b>Veselin Balj<\/b><\/h3>\t\t<\/div>\n\t\t\t\t<\/div>\n\t\t\t\t<div class=\"elementor-element elementor-element-d8de18e elementor-widget elementor-widget-heading\" data-id=\"d8de18e\" data-element_type=\"widget\" data-widget_type=\"heading.default\">\n\t\t\t\t<div class=\"elementor-widget-container\">\n\t\t\t<h5 class=\"elementor-heading-title elementor-size-default\">Pra\u0107enje vozila i transportna kancelarija<\/h5>\t\t<\/div>\n\t\t\t\t<\/div>\n\t\t\t\t<div class=\"elementor-element elementor-element-fdd55e4 elementor-align-left elementor-tablet-align-center aboutUsIconLeft elementor-icon-list--layout-traditional elementor-list-item-link-full_width elementor-widget elementor-widget-icon-list\" data-id=\"fdd55e4\" data-element_type=\"widget\" data-widget_type=\"icon-list.default\">\n\t\t\t\t<div class=\"elementor-widget-container\">\n\t\t\t<link rel=\"stylesheet\" href=\"https:\/\/dev.sledat.si\/wp-content\/plugins\/elementor\/assets\/css\/widget-icon-list.min.css\">\t\t<ul class=\"elementor-icon-list-items\">\n\t\t\t\t\t\t\t<li class=\"elementor-icon-list-item\">\n\t\t\t\t\t\t\t\t\t\t\t<span class=\"elementor-icon-list-icon\">\n\t\t\t\t\t\t\t<i aria-hidden=\"true\" class=\"fas fa-mobile-alt\"><\/i>\t\t\t\t\t\t<\/span>\n\t\t\t\t\t\t\t\t\t\t<span class=\"elementor-icon-list-text\"><a href=\"tel:+381649119112\">+381 64 911 911 2<span style=\"color: var( --e-global-color-primary ); font-family: var( --e-global-typography-text-font-family ), Sans-serif; font-weight: var( --e-global-typography-text-font-weight ); font-style: inherit; background-color: var(--ast-global-color-5);\"><\/span><\/a><\/span>\n\t\t\t\t\t\t\t\t\t<\/li>\n\t\t\t\t\t\t<\/ul>\n\t\t\t\t<\/div>\n\t\t\t\t<\/div>\n\t\t\t\t<div class=\"elementor-element elementor-element-fd96d8b elementor-mobile-align-center elementor-tablet-align-center elementor-icon-list--layout-traditional elementor-list-item-link-full_width elementor-widget elementor-widget-icon-list\" data-id=\"fd96d8b\" data-element_type=\"widget\" data-widget_type=\"icon-list.default\">\n\t\t\t\t<div class=\"elementor-widget-container\">\n\t\t\t\t\t<ul class=\"elementor-icon-list-items\">\n\t\t\t\t\t\t\t<li class=\"elementor-icon-list-item\">\n\t\t\t\t\t\t\t\t\t\t\t<span class=\"elementor-icon-list-icon\">\n\t\t\t\t\t\t\t<i aria-hidden=\"true\" class=\"fas fa-envelope\"><\/i>\t\t\t\t\t\t<\/span>\n\t\t\t\t\t\t\t\t\t\t<span class=\"elementor-icon-list-text\"><a href=\"mailto:veselin.balj@aluxom.com\">veselin.balj@aluxom.com<\/a><\/span>\n\t\t\t\t\t\t\t\t\t<\/li>\n\t\t\t\t\t\t<\/ul>\n\t\t\t\t<\/div>\n\t\t\t\t<\/div>\n\t\t\t\t\t<\/div>\n\t\t<\/div>\n\t\t\t\t<div class=\"elementor-column elementor-col-50 elementor-top-column elementor-element elementor-element-708bcce\" data-id=\"708bcce\" data-element_type=\"column\">\n\t\t\t<div class=\"elementor-widget-wrap elementor-element-populated\">\n\t\t\t\t\t\t\t\t<div class=\"elementor-element elementor-element-f1f5a7c elementor-widget elementor-widget-heading\" data-id=\"f1f5a7c\" data-element_type=\"widget\" data-widget_type=\"heading.default\">\n\t\t\t\t<div class=\"elementor-widget-container\">\n\t\t\t<h3 class=\"elementor-heading-title elementor-size-default\"><h3 style=\"font-style: normal; font-weight: var( --e-global-typography-primary-font-weight ); font-family: Poppins, sans-serif; white-space: normal;\"><b style=\"color: var( --e-global-color-primary ); font-family: var( --e-global-typography-primary-font-family ), Sans-serif; font-size: 2rem; font-style: inherit; white-space: pre-wrap; background-color: var(--ast-global-color-5);\">Tra\u017ei se komercialista<\/b><span style=\"color: var( --e-global-color-primary ); font-family: var( --e-global-typography-primary-font-family ), Sans-serif; font-size: 2rem; font-style: inherit; font-weight: var( --e-global-typography-primary-font-weight ); white-space: pre-wrap; background-color: var(--ast-global-color-5);\"><\/span><span style=\"color: var( --e-global-color-primary ); font-family: var( --e-global-typography-primary-font-family ), Sans-serif; font-size: 2rem; font-style: inherit; font-weight: var( --e-global-typography-primary-font-weight ); white-space: pre-wrap; background-color: var(--ast-global-color-5);\"><\/span><br><\/h3><\/h3>\t\t<\/div>\n\t\t\t\t<\/div>\n\t\t\t\t<div class=\"elementor-element elementor-element-2b4cb75 elementor-align-center elementor-icon-list--layout-traditional elementor-list-item-link-full_width elementor-widget elementor-widget-icon-list\" data-id=\"2b4cb75\" data-element_type=\"widget\" data-widget_type=\"icon-list.default\">\n\t\t\t\t<div class=\"elementor-widget-container\">\n\t\t\t\t\t<ul class=\"elementor-icon-list-items\">\n\t\t\t\t\t\t\t<li class=\"elementor-icon-list-item\">\n\t\t\t\t\t\t\t\t\t\t\t<span class=\"elementor-icon-list-icon\">\n\t\t\t\t\t\t\t<i aria-hidden=\"true\" class=\"fas fa-mobile-alt\"><\/i>\t\t\t\t\t\t<\/span>\n\t\t\t\t\t\t\t\t\t\t<span class=\"elementor-icon-list-text\"><a href=\"tel:+381 64911 9112\">+381 64911 9112<span style=\"color: var( --e-global-color-primary ); font-family: var( --e-global-typography-text-font-family ), Sans-serif; font-weight: var( --e-global-typography-text-font-weight ); font-style: inherit; background-color: var(--ast-global-color-5);\"><\/span><\/a><\/span>\n\t\t\t\t\t\t\t\t\t<\/li>\n\t\t\t\t\t\t<\/ul>\n\t\t\t\t<\/div>\n\t\t\t\t<\/div>\n\t\t\t\t\t<\/div>\n\t\t<\/div>\n\t\t\t\t\t\t\t<\/div>\n\t\t<\/section>\n\t\t\t\t<section class=\"elementor-section elementor-top-section elementor-element elementor-element-bd76e9d gradientFlow companyInfoSection elementor-section-boxed elementor-section-height-default elementor-section-height-default\" data-id=\"bd76e9d\" data-element_type=\"section\">\n\t\t\t\t\t\t<div class=\"elementor-container elementor-column-gap-default\">\n\t\t\t\t\t<div class=\"elementor-column elementor-col-50 elementor-top-column elementor-element elementor-element-5490ab8\" data-id=\"5490ab8\" data-element_type=\"column\">\n\t\t\t<div class=\"elementor-widget-wrap elementor-element-populated\">\n\t\t\t\t\t\t\t\t<div class=\"elementor-element elementor-element-ed0c9ff elementor-widget elementor-widget-heading\" data-id=\"ed0c9ff\" data-element_type=\"widget\" data-widget_type=\"heading.default\">\n\t\t\t\t<div class=\"elementor-widget-container\">\n\t\t\t<h4 class=\"elementor-heading-title elementor-size-default\"><b>Aluxom d.o.o.<\/b><\/h4>\t\t<\/div>\n\t\t\t\t<\/div>\n\t\t\t\t<div class=\"elementor-element elementor-element-34bf135 elementor-widget elementor-widget-text-editor\" data-id=\"34bf135\" data-element_type=\"widget\" data-widget_type=\"text-editor.default\">\n\t\t\t\t<div class=\"elementor-widget-container\">\n\t\t\t\t\t\t\t<p>Vojvode Ba\u0107evi\u0107a 78<\/p><p>Beograd 11000, Srbija<\/p><p>PIB: 104946016<\/p><p>Mati\u010dni broj: 20278641<\/p><p>Reiffeisen Banka A.D. Beograd<\/p><p>IBAN:<\/p><p>SWIFT:<\/p>\t\t\t\t\t\t<\/div>\n\t\t\t\t<\/div>\n\t\t\t\t\t<\/div>\n\t\t<\/div>\n\t\t\t\t<div class=\"elementor-column elementor-col-50 elementor-top-column elementor-element elementor-element-0ecb328\" data-id=\"0ecb328\" data-element_type=\"column\">\n\t\t\t<div class=\"elementor-widget-wrap elementor-element-populated\">\n\t\t\t\t\t\t\t\t<div class=\"elementor-element elementor-element-d929fa3 elementor-widget elementor-widget-image\" data-id=\"d929fa3\" data-element_type=\"widget\" data-widget_type=\"image.default\">\n\t\t\t\t<div class=\"elementor-widget-container\">\n\t\t\t<style>\/*! elementor - v3.8.0 - 30-10-2022 *\/\n.elementor-widget-image{text-align:center}.elementor-widget-image a{display:inline-block}.elementor-widget-image a img[src$=\".svg\"]{width:48px}.elementor-widget-image img{vertical-align:middle;display:inline-block}<\/style>\t\t\t\t\t\t\t\t\t\t\t\t<img loading=\"lazy\" decoding=\"async\" width=\"300\" height=\"141\" src=\"https:\/\/dev.sledat.si\/wp-content\/uploads\/2022\/10\/Sledat-logo-131x61.png\" class=\"attachment-medium size-medium\" alt=\"Sledat logo\" srcset=\"https:\/\/dev.sledat.si\/wp-content\/uploads\/2022\/10\/Sledat-logo-300x141.png 300w, https:\/\/dev.sledat.si\/wp-content\/uploads\/2022\/10\/Sledat-logo-18x8.png 18w, https:\/\/dev.sledat.si\/wp-content\/uploads\/2022\/10\/Sledat-logo-131x61.png 131w, https:\/\/dev.sledat.si\/wp-content\/uploads\/2022\/10\/Sledat-logo.png 380w\" sizes=\"(max-width: 300px) 100vw, 300px\" \/>\t\t\t\t\t\t\t\t\t\t\t\t\t\t\t<\/div>\n\t\t\t\t<\/div>\n\t\t\t\t\t<\/div>\n\t\t<\/div>\n\t\t\t\t\t\t\t<\/div>\n\t\t<\/section>\n\t\t\t\t\t\t\t<\/div>","protected":false},"excerpt":{"rendered":"<p>O nas Poslanstvo podjetja Uscom d.o.o. je, da na\u0161im naro\u010dnikom iz razli\u010dnih panog zagotavljamo enostavne, prilagojene in napredne IT re\u0161itve. Leta 2005 je podjetje ustanovilo lasten razvojni oddelek, za izdelavo lastnih GPS lokatorjev ter integriranih komunikacijskih re\u0161itev. To je bilo obdobje, ki je vodilo v razvoj Sledat programskih re\u0161itev, ki so plod lastnega razvoja. \u00a0 &hellip;<\/p>\n<p class=\"read-more\"> <a class=\"\" href=\"https:\/\/dev.sledat.si\/sr\/o-podjetju\/\"> <span class=\"screen-reader-text\">O nama<\/span> \u041f\u0440\u043e\u0447\u0438\u0442\u0430\u0458 \u0432\u0438\u0448\u0435 &raquo;<\/a><\/p>","protected":false},"author":1,"featured_media":0,"parent":0,"menu_order":0,"comment_status":"closed","ping_status":"closed","template":"","meta":{"site-sidebar-layout":"no-sidebar","site-content-layout":"page-builder","ast-global-header-display":"","ast-main-header-display":"","ast-hfb-above-header-display":"","ast-hfb-below-header-display":"","ast-hfb-mobile-header-display":"","site-post-title":"disabled","ast-breadcrumbs-content":"","ast-featured-img":"disabled","footer-sml-layout":"","theme-transparent-header-meta":"","adv-header-id-meta":"","stick-header-meta":"","header-above-stick-meta":"","header-main-stick-meta":"","header-below-stick-meta":"","footnotes":""},"yoast_head":"<!-- This site is optimized with the Yoast SEO plugin v19.9 - https:\/\/yoast.com\/wordpress\/plugins\/seo\/ -->\n<title>O podjetju<\/title>\n<meta name=\"description\" content=\"Na\u0161e poslovne odnose gradimo na temeljih dodane vrednosti in zadovoljstvu strank, ki jim nudimo zanesljive in stro\u0161kovno u\u010dinkovite re\u0161itve.\" \/>\n<meta name=\"robots\" content=\"noindex, follow, max-snippet:-1, max-image-preview:large, max-video-preview:-1\" \/>\n<meta property=\"og:locale\" content=\"sr_RS\" \/>\n<meta property=\"og:type\" content=\"article\" \/>\n<meta property=\"og:title\" content=\"O podjetju\" \/>\n<meta property=\"og:description\" content=\"Na\u0161e poslovne odnose gradimo na temeljih dodane vrednosti in zadovoljstvu strank, ki jim nudimo zanesljive in stro\u0161kovno u\u010dinkovite re\u0161itve.\" \/>\n<meta property=\"og:url\" content=\"https:\/\/dev.sledat.si\/sr\/o-podjetju\/\" \/>\n<meta property=\"og:site_name\" content=\"Sledat | GPS sledenje vozil\" \/>\n<meta property=\"article:publisher\" content=\"https:\/\/www.facebook.com\/sledat\/\" \/>\n<meta property=\"article:modified_time\" content=\"2023-01-18T12:32:18+00:00\" \/>\n<meta property=\"og:image\" content=\"https:\/\/dev.sledat.si\/wp-content\/uploads\/2022\/10\/Sledat-logo-131x61.png\" \/>\n<meta name=\"twitter:card\" content=\"summary_large_image\" \/>\n<meta name=\"twitter:label1\" content=\"\u041f\u0440\u043e\u0446\u0435\u045a\u0435\u043d\u043e \u0432\u0440\u0435\u043c\u0435 \u0447\u0438\u0442\u0430\u045a\u0430\" \/>\n\t<meta name=\"twitter:data1\" content=\"2 \u043c\u0438\u043d\u0443\u0442\u0430\" \/>\n<script type=\"application\/ld+json\" class=\"yoast-schema-graph\">{\"@context\":\"https:\/\/schema.org\",\"@graph\":[{\"@type\":\"WebPage\",\"@id\":\"https:\/\/dev.sledat.si\/o-podjetju\/\",\"url\":\"https:\/\/dev.sledat.si\/o-podjetju\/\",\"name\":\"O podjetju\",\"isPartOf\":{\"@id\":\"https:\/\/dev.sledat.si\/#website\"},\"datePublished\":\"2022-10-17T12:19:50+00:00\",\"dateModified\":\"2023-01-18T12:32:18+00:00\",\"description\":\"Na\u0161e poslovne odnose gradimo na temeljih dodane vrednosti in zadovoljstvu strank, ki jim nudimo zanesljive in stro\u0161kovno u\u010dinkovite re\u0161itve.\",\"breadcrumb\":{\"@id\":\"https:\/\/dev.sledat.si\/o-podjetju\/#breadcrumb\"},\"inLanguage\":\"sr-RS\",\"potentialAction\":[{\"@type\":\"ReadAction\",\"target\":[\"https:\/\/dev.sledat.si\/o-podjetju\/\"]}]},{\"@type\":\"BreadcrumbList\",\"@id\":\"https:\/\/dev.sledat.si\/o-podjetju\/#breadcrumb\",\"itemListElement\":[{\"@type\":\"ListItem\",\"position\":1,\"name\":\"Home\",\"item\":\"https:\/\/dev.sledat.si\/\"},{\"@type\":\"ListItem\",\"position\":2,\"name\":\"O nas\"}]},{\"@type\":\"WebSite\",\"@id\":\"https:\/\/dev.sledat.si\/#website\",\"url\":\"https:\/\/dev.sledat.si\/\",\"name\":\"Sledat | GPS sledenje vozil\",\"description\":\"\",\"publisher\":{\"@id\":\"https:\/\/dev.sledat.si\/#organization\"},\"potentialAction\":[{\"@type\":\"SearchAction\",\"target\":{\"@type\":\"EntryPoint\",\"urlTemplate\":\"https:\/\/dev.sledat.si\/?s={search_term_string}\"},\"query-input\":\"required name=search_term_string\"}],\"inLanguage\":\"sr-RS\"},{\"@type\":\"Organization\",\"@id\":\"https:\/\/dev.sledat.si\/#organization\",\"name\":\"Sledat | GPS sledenje vozil\",\"url\":\"https:\/\/dev.sledat.si\/\",\"logo\":{\"@type\":\"ImageObject\",\"inLanguage\":\"sr-RS\",\"@id\":\"https:\/\/dev.sledat.si\/#\/schema\/logo\/image\/\",\"url\":\"https:\/\/dev.sledat.si\/wp-content\/uploads\/2022\/10\/Sledat-logo.png\",\"contentUrl\":\"https:\/\/dev.sledat.si\/wp-content\/uploads\/2022\/10\/Sledat-logo.png\",\"width\":380,\"height\":178,\"caption\":\"Sledat | GPS sledenje vozil\"},\"image\":{\"@id\":\"https:\/\/dev.sledat.si\/#\/schema\/logo\/image\/\"},\"sameAs\":[\"https:\/\/www.youtube.com\/channel\/UCo6lnIQWeg6jQXXbxqc1IZg\",\"https:\/\/www.instagram.com\/sledat_kmetijstvo\/\",\"https:\/\/www.facebook.com\/sledat\/\"]}]}<\/script>\n<!-- \/ Yoast SEO plugin. -->","yoast_head_json":{"title":"O podjetju","description":"Na\u0161e poslovne odnose gradimo na temeljih dodane vrednosti in zadovoljstvu strank, ki jim nudimo zanesljive in stro\u0161kovno u\u010dinkovite re\u0161itve.","robots":{"index":"noindex","follow":"follow","max-snippet":"max-snippet:-1","max-image-preview":"max-image-preview:large","max-video-preview":"max-video-preview:-1"},"og_locale":"sr_RS","og_type":"article","og_title":"O podjetju","og_description":"Na\u0161e poslovne odnose gradimo na temeljih dodane vrednosti in zadovoljstvu strank, ki jim nudimo zanesljive in stro\u0161kovno u\u010dinkovite re\u0161itve.","og_url":"https:\/\/dev.sledat.si\/sr\/o-podjetju\/","og_site_name":"Sledat | GPS sledenje vozil","article_publisher":"https:\/\/www.facebook.com\/sledat\/","article_modified_time":"2023-01-18T12:32:18+00:00","og_image":[{"url":"https:\/\/dev.sledat.si\/wp-content\/uploads\/2022\/10\/Sledat-logo-131x61.png"}],"twitter_card":"summary_large_image","twitter_misc":{"\u041f\u0440\u043e\u0446\u0435\u045a\u0435\u043d\u043e \u0432\u0440\u0435\u043c\u0435 \u0447\u0438\u0442\u0430\u045a\u0430":"2 \u043c\u0438\u043d\u0443\u0442\u0430"},"schema":{"@context":"https:\/\/schema.org","@graph":[{"@type":"WebPage","@id":"https:\/\/dev.sledat.si\/o-podjetju\/","url":"https:\/\/dev.sledat.si\/o-podjetju\/","name":"O podjetju","isPartOf":{"@id":"https:\/\/dev.sledat.si\/#website"},"datePublished":"2022-10-17T12:19:50+00:00","dateModified":"2023-01-18T12:32:18+00:00","description":"Na\u0161e poslovne odnose gradimo na temeljih dodane vrednosti in zadovoljstvu strank, ki jim nudimo zanesljive in stro\u0161kovno u\u010dinkovite re\u0161itve.","breadcrumb":{"@id":"https:\/\/dev.sledat.si\/o-podjetju\/#breadcrumb"},"inLanguage":"sr-RS","potentialAction":[{"@type":"ReadAction","target":["https:\/\/dev.sledat.si\/o-podjetju\/"]}]},{"@type":"BreadcrumbList","@id":"https:\/\/dev.sledat.si\/o-podjetju\/#breadcrumb","itemListElement":[{"@type":"ListItem","position":1,"name":"Home","item":"https:\/\/dev.sledat.si\/"},{"@type":"ListItem","position":2,"name":"O nas"}]},{"@type":"WebSite","@id":"https:\/\/dev.sledat.si\/#website","url":"https:\/\/dev.sledat.si\/","name":"Sledat | GPS sledenje vozil","description":"","publisher":{"@id":"https:\/\/dev.sledat.si\/#organization"},"potentialAction":[{"@type":"SearchAction","target":{"@type":"EntryPoint","urlTemplate":"https:\/\/dev.sledat.si\/?s={search_term_string}"},"query-input":"required name=search_term_string"}],"inLanguage":"sr-RS"},{"@type":"Organization","@id":"https:\/\/dev.sledat.si\/#organization","name":"Sledat | GPS sledenje vozil","url":"https:\/\/dev.sledat.si\/","logo":{"@type":"ImageObject","inLanguage":"sr-RS","@id":"https:\/\/dev.sledat.si\/#\/schema\/logo\/image\/","url":"https:\/\/dev.sledat.si\/wp-content\/uploads\/2022\/10\/Sledat-logo.png","contentUrl":"https:\/\/dev.sledat.si\/wp-content\/uploads\/2022\/10\/Sledat-logo.png","width":380,"height":178,"caption":"Sledat | GPS sledenje vozil"},"image":{"@id":"https:\/\/dev.sledat.si\/#\/schema\/logo\/image\/"},"sameAs":["https:\/\/www.youtube.com\/channel\/UCo6lnIQWeg6jQXXbxqc1IZg","https:\/\/www.instagram.com\/sledat_kmetijstvo\/","https:\/\/www.facebook.com\/sledat\/"]}]}},"_links":{"self":[{"href":"https:\/\/dev.sledat.si\/sr\/wp-json\/wp\/v2\/pages\/924"}],"collection":[{"href":"https:\/\/dev.sledat.si\/sr\/wp-json\/wp\/v2\/pages"}],"about":[{"href":"https:\/\/dev.sledat.si\/sr\/wp-json\/wp\/v2\/types\/page"}],"author":[{"embeddable":true,"href":"https:\/\/dev.sledat.si\/sr\/wp-json\/wp\/v2\/users\/1"}],"replies":[{"embeddable":true,"href":"https:\/\/dev.sledat.si\/sr\/wp-json\/wp\/v2\/comments?post=924"}],"version-history":[{"count":251,"href":"https:\/\/dev.sledat.si\/sr\/wp-json\/wp\/v2\/pages\/924\/revisions"}],"predecessor-version":[{"id":2180,"href":"https:\/\/dev.sledat.si\/sr\/wp-json\/wp\/v2\/pages\/924\/revisions\/2180"}],"wp:attachment":[{"href":"https:\/\/dev.sledat.si\/sr\/wp-json\/wp\/v2\/media?parent=924"}],"curies":[{"name":"wp","href":"https:\/\/api.w.org\/{rel}","templated":true}]}}