{"id":1319,"date":"2022-10-21T08:06:30","date_gmt":"2022-10-21T08:06:30","guid":{"rendered":"https:\/\/dev.sledat.si\/?page_id=1319"},"modified":"2022-10-21T08:17:34","modified_gmt":"2022-10-21T08:17:34","slug":"gdpr","status":"publish","type":"page","link":"https:\/\/dev.sledat.si\/sr\/gdpr\/","title":{"rendered":"Gdpr"},"content":{"rendered":"<div data-elementor-type=\"wp-page\" data-elementor-id=\"1319\" class=\"elementor elementor-1319\">\n\t\t\t\t\t\t\t\t\t<section class=\"elementor-section elementor-top-section elementor-element elementor-element-712ce7f gradientFlow elementor-section-boxed elementor-section-height-default elementor-section-height-default\" data-id=\"712ce7f\" data-element_type=\"section\">\n\t\t\t\t\t\t<div class=\"elementor-container elementor-column-gap-default\">\n\t\t\t\t\t<div class=\"elementor-column elementor-col-100 elementor-top-column elementor-element elementor-element-1542fd3\" data-id=\"1542fd3\" data-element_type=\"column\">\n\t\t\t<div class=\"elementor-widget-wrap elementor-element-populated\">\n\t\t\t\t\t\t\t\t<div class=\"elementor-element elementor-element-6694b41 elementor-widget elementor-widget-heading\" data-id=\"6694b41\" data-element_type=\"widget\" data-widget_type=\"heading.default\">\n\t\t\t\t<div class=\"elementor-widget-container\">\n\t\t\t<style>\/*! elementor - v3.8.0 - 30-10-2022 *\/\n.elementor-heading-title{padding:0;margin:0;line-height:1}.elementor-widget-heading .elementor-heading-title[class*=elementor-size-]>a{color:inherit;font-size:inherit;line-height:inherit}.elementor-widget-heading .elementor-heading-title.elementor-size-small{font-size:15px}.elementor-widget-heading .elementor-heading-title.elementor-size-medium{font-size:19px}.elementor-widget-heading .elementor-heading-title.elementor-size-large{font-size:29px}.elementor-widget-heading .elementor-heading-title.elementor-size-xl{font-size:39px}.elementor-widget-heading .elementor-heading-title.elementor-size-xxl{font-size:59px}<\/style><h2 class=\"elementor-heading-title elementor-size-default\">GDPR - Politika zasebnosti in varnosti podatkov<\/h2>\t\t<\/div>\n\t\t\t\t<\/div>\n\t\t\t\t<div class=\"elementor-element elementor-element-3afd382 elementor-widget elementor-widget-text-editor\" data-id=\"3afd382\" data-element_type=\"widget\" data-widget_type=\"text-editor.default\">\n\t\t\t\t<div class=\"elementor-widget-container\">\n\t\t\t<style>\/*! elementor - v3.8.0 - 30-10-2022 *\/\n.elementor-widget-text-editor.elementor-drop-cap-view-stacked .elementor-drop-cap{background-color:#818a91;color:#fff}.elementor-widget-text-editor.elementor-drop-cap-view-framed .elementor-drop-cap{color:#818a91;border:3px solid;background-color:transparent}.elementor-widget-text-editor:not(.elementor-drop-cap-view-default) .elementor-drop-cap{margin-top:8px}.elementor-widget-text-editor:not(.elementor-drop-cap-view-default) .elementor-drop-cap-letter{width:1em;height:1em}.elementor-widget-text-editor .elementor-drop-cap{float:left;text-align:center;line-height:1;font-size:50px}.elementor-widget-text-editor .elementor-drop-cap-letter{display:inline-block}<\/style>\t\t\t\t<p>I. Ime in naslov odgovorne osebe<\/p><p>Odgovorna oseba v smislu Splo\u0161ne uredbe o varstvu podatkov in drugih nacionalnih zakonov o varstvu podatkov dr\u017eav \u010dlanic ter drugih predpisov o varstvu podatkov je dru\u017eba UScom d.o.o.<\/p><p>II Splo\u0161ne informacije o obdelavi podatkov<\/p><p>1. Obseg obdelave osebnih podatkov<\/p><p>Obi\u010dajno obdelujemo samo osebne podatke na\u0161ih uporabnikov, \u010de je to potrebno za zagotavljanje funkcionalne spletne strani ter na\u0161ih vsebin in storitev. Obdelava osebnih podatkov na\u0161ih uporabnikov poteka redno le s privolitvijo uporabnika. Izjema velja v primerih, ko predhodnega soglasja ni mogo\u010de pridobiti iz dejanskih razlogov in je obdelava podatkov dovoljena z zakonom.<\/p><p>2. Pravna podlaga za obdelavo osebnih podatkov<\/p><p>V kolikor pridobimo privolitev posameznika, na katerega se nana\u0161ajo osebni podatki, za obdelavo osebnih podatkov, je odstavek 1 \u010dlena 6 lit. splo\u0161na uredba EU o varstvu podatkov (GDPR) kot pravna podlaga.<\/p><p>Pri obdelavi osebnih podatkov, ki so potrebni za izvedbo pogodbe, katere stranka je posameznik, na katerega se nana\u0161ajo osebni podatki, je odstranjen 1. odstavek 6. \u010dlena. b GDPR kot pravna podlaga. To velja tudi za postopke obdelave, ki so potrebni za izvedbo predpogodbenih ukrepov.<\/p><p>V kolikor je obdelava osebnih podatkov potrebna za izpolnitev zakonske obveznosti, za katero velja na\u0161e podjetje, 1. odstavek 6. \u010dlena. c GDPR kot pravna podlaga.<\/p><p>V primeru, da vitalni interesi posameznika, na katerega se nana\u0161ajo osebni podatki, ali druge fizi\u010dne osebe zahtevajo obdelavo osebnih podatkov, 1. odst. d GDPR slu\u017ei kot pravna podlaga.<\/p><p>\u010ce je obdelava potrebna za za\u0161\u010dito legitimnih interesov na\u0161ega podjetja ali tretje osebe in \u010de interesi, temeljne pravice in svobo\u0161\u010dine posameznika, na katerega se nana\u0161ajo osebni podatki, ne odtehtajo prej\u0161njega interesa, je v \u010dlenu 6 (1) razvidno. f GDPR kot pravna podlaga za obdelavo.<\/p><p>3. Izbris podatkov in trajanje shranjevanja<\/p><p>Osebni podatki posameznika, na katerega se nana\u0161ajo osebni podatki, bodo izbrisani ali blokirani, takoj ko namen shranjevanja ne velja ve\u010d. Skladi\u0161\u010denje lahko poteka tudi, \u010de je to dolo\u010dil evropski ali nacionalni zakonodajalec v predpisih, zakonih ali drugih predpisih EU, za katere velja odgovorna oseba. Podatki se tudi blokirajo ali izbri\u0161ejo, \u010de se izte\u010de rok hrambe, ki je dolo\u010den v omenjenih standardih, razen \u010de ni potrebe po nadaljnjem shranjevanju podatkov za sklenitev ali izvajanje pogodbe.<\/p><p>III. Zbiranje in shranjevanje osebnih podatkov ter vrsta in namen njihove uporabe<\/p><p>1. Ob obisku spletne strani<\/p><p>Ko obi\u0161\u010dete na\u0161e spletno mesto, brskalnik, ki se uporablja v va\u0161i napravi, samodejno po\u0161lje informacije stre\u017eniku na na\u0161em spletnem mestu. Te informacije so za\u010dasno shranjene v tako imenovani dnevni\u0161ki datoteki. Naslednji podatki se zapi\u0161ejo brez va\u0161ega posredovanja in se shranijo, dokler se samodejno ne izbri\u0161ejo:<\/p><p>IP naslov ra\u010dunalnika, ki je zaprosil,<br \/>Datum in \u010das dostopa,<br \/>Ime in URL datoteke, do katere je dostopen,<br \/>Spletno mesto, s katerega je dostopen dostop (referen\u010dni URL),<br \/>Uporabljen brskalnik in po potrebi operacijski sistem va\u0161ega ra\u010dunalnika ter ime va\u0161ega ponudnika dostopa.<\/p><p>Navedene podatke obdelamo pri nas za naslednje namene:<\/p><p>Zagotavljanje nemotene povezave s spletnim mestom,<br \/>Zagotavljanje udobne uporabe na\u0161ega spletnega mesta,<br \/>Vrednotenje varnosti in stabilnosti sistema<br \/>za nadaljnje upravne namene.<\/p><p>Pravna podlaga za obdelavo podatkov je prvi odstavek 6. \u010dlena 6. odst. f GDPR. Na\u0161 zakoniti interes izhaja iz zgoraj navedenih namenov zbiranja podatkov. Pod nobenim pogojem ne zbiramo zbranih podatkov za osebno oblikovanje sklepov o vas.<\/p><p>Poleg tega pri obisku na\u0161e spletne strani uporabljamo storitev analize. Podrobnej\u0161a pojasnila najdete pod IV.<\/p><p>2. Kontakt po e-po\u0161ti<\/p><p>To je mogo\u010de prek navedenega e-po\u0161tnega naslova. V tem primeru se osebni podatki uporabnika, poslani z e-po\u0161to, shranijo.<\/p><p>V tem okviru se podatki ne posredujejo tretjim osebam. Podatki bodo uporabljeni le za obdelavo pogovora.<\/p><p>Pravna podlaga za obdelavo podatkov, poslanih med po\u0161iljanjem elektronskega sporo\u010dila, je 1. odstavek 6. \u010dlena. f GDPR. \u010ce \u017eeli stik po e-po\u0161ti skleniti pogodbo<\/p>\t\t\t\t\t\t<\/div>\n\t\t\t\t<\/div>\n\t\t\t\t\t<\/div>\n\t\t<\/div>\n\t\t\t\t\t\t\t<\/div>\n\t\t<\/section>\n\t\t\t\t\t\t\t<\/div>","protected":false},"excerpt":{"rendered":"<p>GDPR &#8211; Politika zasebnosti in varnosti podatkov I. Ime in naslov odgovorne osebe Odgovorna oseba v smislu Splo\u0161ne uredbe o varstvu podatkov in drugih nacionalnih zakonov o varstvu podatkov dr\u017eav \u010dlanic ter drugih predpisov o varstvu podatkov je dru\u017eba UScom d.o.o. II Splo\u0161ne informacije o obdelavi podatkov 1. Obseg obdelave osebnih podatkov Obi\u010dajno obdelujemo samo &hellip;<\/p>\n<p class=\"read-more\"> <a class=\"\" href=\"https:\/\/dev.sledat.si\/sr\/gdpr\/\"> <span class=\"screen-reader-text\">Gdpr<\/span> \u041f\u0440\u043e\u0447\u0438\u0442\u0430\u0458 \u0432\u0438\u0448\u0435 &raquo;<\/a><\/p>","protected":false},"author":1,"featured_media":0,"parent":0,"menu_order":0,"comment_status":"closed","ping_status":"closed","template":"","meta":{"site-sidebar-layout":"no-sidebar","site-content-layout":"page-builder","ast-global-header-display":"","ast-main-header-display":"","ast-hfb-above-header-display":"","ast-hfb-below-header-display":"","ast-hfb-mobile-header-display":"","site-post-title":"disabled","ast-breadcrumbs-content":"","ast-featured-img":"disabled","footer-sml-layout":"","theme-transparent-header-meta":"","adv-header-id-meta":"","stick-header-meta":"","header-above-stick-meta":"","header-main-stick-meta":"","header-below-stick-meta":"","footnotes":""},"yoast_head":"<!-- This site is optimized with the Yoast SEO plugin v19.9 - https:\/\/yoast.com\/wordpress\/plugins\/seo\/ -->\n<title>Gdpr - Sledat | GPS sledenje vozil<\/title>\n<meta name=\"robots\" content=\"noindex, follow, max-snippet:-1, max-image-preview:large, max-video-preview:-1\" \/>\n<meta property=\"og:locale\" content=\"sr_RS\" \/>\n<meta property=\"og:type\" content=\"article\" \/>\n<meta property=\"og:title\" content=\"Gdpr - Sledat | GPS sledenje vozil\" \/>\n<meta property=\"og:description\" content=\"GDPR &#8211; Politika zasebnosti in varnosti podatkov I. Ime in naslov odgovorne osebe Odgovorna oseba v smislu Splo\u0161ne uredbe o varstvu podatkov in drugih nacionalnih zakonov o varstvu podatkov dr\u017eav \u010dlanic ter drugih predpisov o varstvu podatkov je dru\u017eba UScom d.o.o. II Splo\u0161ne informacije o obdelavi podatkov 1. Obseg obdelave osebnih podatkov Obi\u010dajno obdelujemo samo &hellip; Gdpr \u041f\u0440\u043e\u0447\u0438\u0442\u0430\u0458 \u0432\u0438\u0448\u0435 &raquo;\" \/>\n<meta property=\"og:url\" content=\"https:\/\/dev.sledat.si\/sr\/gdpr\/\" \/>\n<meta property=\"og:site_name\" content=\"Sledat | GPS sledenje vozil\" \/>\n<meta property=\"article:publisher\" content=\"https:\/\/www.facebook.com\/sledat\/\" \/>\n<meta property=\"article:modified_time\" content=\"2022-10-21T08:17:34+00:00\" \/>\n<meta name=\"twitter:card\" content=\"summary_large_image\" \/>\n<meta name=\"twitter:label1\" content=\"\u041f\u0440\u043e\u0446\u0435\u045a\u0435\u043d\u043e \u0432\u0440\u0435\u043c\u0435 \u0447\u0438\u0442\u0430\u045a\u0430\" \/>\n\t<meta name=\"twitter:data1\" content=\"3 \u043c\u0438\u043d\u0443\u0442\u0430\" \/>\n<script type=\"application\/ld+json\" class=\"yoast-schema-graph\">{\"@context\":\"https:\/\/schema.org\",\"@graph\":[{\"@type\":\"WebPage\",\"@id\":\"https:\/\/dev.sledat.si\/gdpr\/\",\"url\":\"https:\/\/dev.sledat.si\/gdpr\/\",\"name\":\"Gdpr - Sledat | GPS sledenje vozil\",\"isPartOf\":{\"@id\":\"https:\/\/dev.sledat.si\/#website\"},\"datePublished\":\"2022-10-21T08:06:30+00:00\",\"dateModified\":\"2022-10-21T08:17:34+00:00\",\"breadcrumb\":{\"@id\":\"https:\/\/dev.sledat.si\/gdpr\/#breadcrumb\"},\"inLanguage\":\"sr-RS\",\"potentialAction\":[{\"@type\":\"ReadAction\",\"target\":[\"https:\/\/dev.sledat.si\/gdpr\/\"]}]},{\"@type\":\"BreadcrumbList\",\"@id\":\"https:\/\/dev.sledat.si\/gdpr\/#breadcrumb\",\"itemListElement\":[{\"@type\":\"ListItem\",\"position\":1,\"name\":\"Home\",\"item\":\"https:\/\/dev.sledat.si\/\"},{\"@type\":\"ListItem\",\"position\":2,\"name\":\"Gdpr\"}]},{\"@type\":\"WebSite\",\"@id\":\"https:\/\/dev.sledat.si\/#website\",\"url\":\"https:\/\/dev.sledat.si\/\",\"name\":\"Sledat | GPS sledenje vozil\",\"description\":\"\",\"publisher\":{\"@id\":\"https:\/\/dev.sledat.si\/#organization\"},\"potentialAction\":[{\"@type\":\"SearchAction\",\"target\":{\"@type\":\"EntryPoint\",\"urlTemplate\":\"https:\/\/dev.sledat.si\/?s={search_term_string}\"},\"query-input\":\"required name=search_term_string\"}],\"inLanguage\":\"sr-RS\"},{\"@type\":\"Organization\",\"@id\":\"https:\/\/dev.sledat.si\/#organization\",\"name\":\"Sledat | GPS sledenje vozil\",\"url\":\"https:\/\/dev.sledat.si\/\",\"logo\":{\"@type\":\"ImageObject\",\"inLanguage\":\"sr-RS\",\"@id\":\"https:\/\/dev.sledat.si\/#\/schema\/logo\/image\/\",\"url\":\"https:\/\/dev.sledat.si\/wp-content\/uploads\/2022\/10\/Sledat-logo.png\",\"contentUrl\":\"https:\/\/dev.sledat.si\/wp-content\/uploads\/2022\/10\/Sledat-logo.png\",\"width\":380,\"height\":178,\"caption\":\"Sledat | GPS sledenje vozil\"},\"image\":{\"@id\":\"https:\/\/dev.sledat.si\/#\/schema\/logo\/image\/\"},\"sameAs\":[\"https:\/\/www.youtube.com\/channel\/UCo6lnIQWeg6jQXXbxqc1IZg\",\"https:\/\/www.instagram.com\/sledat_kmetijstvo\/\",\"https:\/\/www.facebook.com\/sledat\/\"]}]}<\/script>\n<!-- \/ Yoast SEO plugin. -->","yoast_head_json":{"title":"Gdpr - Sledat | GPS sledenje vozil","robots":{"index":"noindex","follow":"follow","max-snippet":"max-snippet:-1","max-image-preview":"max-image-preview:large","max-video-preview":"max-video-preview:-1"},"og_locale":"sr_RS","og_type":"article","og_title":"Gdpr - Sledat | GPS sledenje vozil","og_description":"GDPR &#8211; Politika zasebnosti in varnosti podatkov I. Ime in naslov odgovorne osebe Odgovorna oseba v smislu Splo\u0161ne uredbe o varstvu podatkov in drugih nacionalnih zakonov o varstvu podatkov dr\u017eav \u010dlanic ter drugih predpisov o varstvu podatkov je dru\u017eba UScom d.o.o. II Splo\u0161ne informacije o obdelavi podatkov 1. Obseg obdelave osebnih podatkov Obi\u010dajno obdelujemo samo &hellip; Gdpr \u041f\u0440\u043e\u0447\u0438\u0442\u0430\u0458 \u0432\u0438\u0448\u0435 &raquo;","og_url":"https:\/\/dev.sledat.si\/sr\/gdpr\/","og_site_name":"Sledat | GPS sledenje vozil","article_publisher":"https:\/\/www.facebook.com\/sledat\/","article_modified_time":"2022-10-21T08:17:34+00:00","twitter_card":"summary_large_image","twitter_misc":{"\u041f\u0440\u043e\u0446\u0435\u045a\u0435\u043d\u043e \u0432\u0440\u0435\u043c\u0435 \u0447\u0438\u0442\u0430\u045a\u0430":"3 \u043c\u0438\u043d\u0443\u0442\u0430"},"schema":{"@context":"https:\/\/schema.org","@graph":[{"@type":"WebPage","@id":"https:\/\/dev.sledat.si\/gdpr\/","url":"https:\/\/dev.sledat.si\/gdpr\/","name":"Gdpr - Sledat | GPS sledenje vozil","isPartOf":{"@id":"https:\/\/dev.sledat.si\/#website"},"datePublished":"2022-10-21T08:06:30+00:00","dateModified":"2022-10-21T08:17:34+00:00","breadcrumb":{"@id":"https:\/\/dev.sledat.si\/gdpr\/#breadcrumb"},"inLanguage":"sr-RS","potentialAction":[{"@type":"ReadAction","target":["https:\/\/dev.sledat.si\/gdpr\/"]}]},{"@type":"BreadcrumbList","@id":"https:\/\/dev.sledat.si\/gdpr\/#breadcrumb","itemListElement":[{"@type":"ListItem","position":1,"name":"Home","item":"https:\/\/dev.sledat.si\/"},{"@type":"ListItem","position":2,"name":"Gdpr"}]},{"@type":"WebSite","@id":"https:\/\/dev.sledat.si\/#website","url":"https:\/\/dev.sledat.si\/","name":"Sledat | GPS sledenje vozil","description":"","publisher":{"@id":"https:\/\/dev.sledat.si\/#organization"},"potentialAction":[{"@type":"SearchAction","target":{"@type":"EntryPoint","urlTemplate":"https:\/\/dev.sledat.si\/?s={search_term_string}"},"query-input":"required name=search_term_string"}],"inLanguage":"sr-RS"},{"@type":"Organization","@id":"https:\/\/dev.sledat.si\/#organization","name":"Sledat | GPS sledenje vozil","url":"https:\/\/dev.sledat.si\/","logo":{"@type":"ImageObject","inLanguage":"sr-RS","@id":"https:\/\/dev.sledat.si\/#\/schema\/logo\/image\/","url":"https:\/\/dev.sledat.si\/wp-content\/uploads\/2022\/10\/Sledat-logo.png","contentUrl":"https:\/\/dev.sledat.si\/wp-content\/uploads\/2022\/10\/Sledat-logo.png","width":380,"height":178,"caption":"Sledat | GPS sledenje vozil"},"image":{"@id":"https:\/\/dev.sledat.si\/#\/schema\/logo\/image\/"},"sameAs":["https:\/\/www.youtube.com\/channel\/UCo6lnIQWeg6jQXXbxqc1IZg","https:\/\/www.instagram.com\/sledat_kmetijstvo\/","https:\/\/www.facebook.com\/sledat\/"]}]}},"_links":{"self":[{"href":"https:\/\/dev.sledat.si\/sr\/wp-json\/wp\/v2\/pages\/1319"}],"collection":[{"href":"https:\/\/dev.sledat.si\/sr\/wp-json\/wp\/v2\/pages"}],"about":[{"href":"https:\/\/dev.sledat.si\/sr\/wp-json\/wp\/v2\/types\/page"}],"author":[{"embeddable":true,"href":"https:\/\/dev.sledat.si\/sr\/wp-json\/wp\/v2\/users\/1"}],"replies":[{"embeddable":true,"href":"https:\/\/dev.sledat.si\/sr\/wp-json\/wp\/v2\/comments?post=1319"}],"version-history":[{"count":13,"href":"https:\/\/dev.sledat.si\/sr\/wp-json\/wp\/v2\/pages\/1319\/revisions"}],"predecessor-version":[{"id":1348,"href":"https:\/\/dev.sledat.si\/sr\/wp-json\/wp\/v2\/pages\/1319\/revisions\/1348"}],"wp:attachment":[{"href":"https:\/\/dev.sledat.si\/sr\/wp-json\/wp\/v2\/media?parent=1319"}],"curies":[{"name":"wp","href":"https:\/\/api.w.org\/{rel}","templated":true}]}}